{"id":84,"date":"2025-11-19T13:02:24","date_gmt":"2025-11-19T13:02:24","guid":{"rendered":"https:\/\/wingy-dakhla.com\/?page_id=84"},"modified":"2025-11-24T17:21:39","modified_gmt":"2025-11-24T17:21:39","slug":"mentions-legales","status":"publish","type":"page","link":"https:\/\/wingy-dakhla.com\/en\/mentions-legales\/","title":{"rendered":"Legal notices"},"content":{"rendered":"<p>[et_pb_section fb_built=\u00a0\u00bb1&Prime; admin_label=\u00a0\u00bbHeader &#038; Blog\u00a0\u00bb _builder_version=\u00a0\u00bb4.25.1&Prime; _module_preset=\u00a0\u00bb616264bb-42fe-4811-89ac-1c4a29c78220&Prime; collapsed=\u00a0\u00bbon\u00a0\u00bb global_colors_info=\u00a0\u00bb{}\u00a0\u00bb][et_pb_row _builder_version=\u00a0\u00bb4.25.1&Prime; _module_preset=\u00a0\u00bbdefault\u00a0\u00bb global_colors_info=\u00a0\u00bb{}\u00a0\u00bb][et_pb_column type=\u00a0\u00bb4_4&Prime; _builder_version=\u00a0\u00bb4.25.1&Prime; _module_preset=\u00a0\u00bbdefault\u00a0\u00bb global_colors_info=\u00a0\u00bb{}\u00a0\u00bb][et_pb_heading title=\u00a0\u00bbMentions l\u00e9gales\u00a0\u00bb _builder_version=\u00a0\u00bb4.27.4&Prime; _module_preset=\u00a0\u00bb2ae0e864-d2b4-4447-b46a-71137837b4cd\u00a0\u00bb title_text_align=\u00a0\u00bbcenter\u00a0\u00bb global_colors_info=\u00a0\u00bb{}\u00a0\u00bb][\/et_pb_heading][et_pb_text _builder_version=\u00a0\u00bb4.27.4&Prime; _module_preset=\u00a0\u00bbdefault\u00a0\u00bb global_colors_info=\u00a0\u00bb{}\u00a0\u00bb]<\/p>\n<p data-start=\"241\" data-end=\"518\"><strong data-start=\"241\" data-end=\"260\">\u00c9diteur du site<\/strong><br data-start=\"260\" data-end=\"263\" \/>Nom de l\u2019entreprise : <strong data-start=\"285\" data-end=\"301\">MAX &amp; R\u00c9MI<\/strong><br data-start=\"301\" data-end=\"304\" \/>Forme juridique : <strong data-start=\"322\" data-end=\"357\">AUTO-ENTREPRENEUR<\/strong><br data-start=\"357\" data-end=\"360\" \/>Adresse : <strong data-start=\"370\" data-end=\"389\">390 Impasse les Allemans 47290 MOULINET, FRANCE<\/strong><br data-start=\"389\" data-end=\"392\" \/>Email : <strong data-start=\"400\" data-end=\"409\">contact@maxetremi.fr<\/strong><br data-start=\"409\" data-end=\"412\" \/>T\u00e9l\u00e9phone : <strong data-start=\"424\" data-end=\"434\">+33744400773<\/strong><br data-start=\"434\" data-end=\"437\" \/>Num\u00e9ro SIRET : <strong data-start=\"452\" data-end=\"461\">13 802 385 00017<\/strong><br data-start=\"461\" data-end=\"464\" \/>Responsable de la publication : <strong data-start=\"496\" data-end=\"518\">COSTES R\u00e9mi<\/strong><\/p>\n<p data-start=\"520\" data-end=\"685\"><strong data-start=\"520\" data-end=\"535\">H\u00e9bergement<\/strong><br data-start=\"535\" data-end=\"538\" \/>H\u00e9bergeur : <strong data-start=\"550\" data-end=\"606\">Hostinger<\/strong><br data-start=\"606\" data-end=\"609\" \/>Adresse : <span class=\"BxUVEf ILfuVd\" lang=\"fr\"><span class=\"hgKElc pOOWX\"><b>61 Lordou Vironos Street, 6023 Larnaca, Chypre<\/b><\/span><\/span><\/p>\n<p data-start=\"687\" data-end=\"852\"><strong data-start=\"687\" data-end=\"715\">Propri\u00e9t\u00e9 intellectuelle<\/strong><br data-start=\"715\" data-end=\"718\" \/>Le contenu du site (textes, images, logo, etc.) est prot\u00e9g\u00e9 par le droit d\u2019auteur. Toute reproduction est interdite sans autorisation.<\/p>\n<p data-start=\"854\" data-end=\"1107\"><strong data-start=\"854\" data-end=\"878\">Donn\u00e9es personnelles<\/strong><br data-start=\"878\" data-end=\"881\" \/>Les informations collect\u00e9es via les formulaires sont utilis\u00e9es uniquement pour r\u00e9pondre aux demandes.<br data-start=\"982\" data-end=\"985\" \/>Conform\u00e9ment au RGPD, vous pouvez exercer vos droits (acc\u00e8s, rectification, suppression) en nous contactant \u00e0 : <a href=\"mailto:wingydakhla@gmail.com\">wingydakhla@gmail.com.<\/a><\/p>\n<p data-start=\"1109\" data-end=\"1259\"><strong data-start=\"1109\" data-end=\"1120\">Cookies<\/strong><br data-start=\"1120\" data-end=\"1123\" \/>Le site peut utiliser des cookies pour am\u00e9liorer l\u2019exp\u00e9rience utilisateur. Vous pouvez les accepter ou les refuser via votre navigateur.<\/p>\n<p>[\/et_pb_text][\/et_pb_column][\/et_pb_row][\/et_pb_section]<\/p>","protected":false},"excerpt":{"rendered":"<p>\u00c9diteur du siteNom de l\u2019entreprise : MAX &amp; R\u00c9MIForme juridique : AUTO-ENTREPRENEURAdresse : 390 Impasse les Allemans 47290 MOULINET, FRANCEEmail : contact@maxetremi.frT\u00e9l\u00e9phone : +33744400773Num\u00e9ro SIRET : 13 802 385 00017Responsable de la publication : COSTES R\u00e9mi H\u00e9bergementH\u00e9bergeur : HostingerAdresse : 61 Lordou Vironos Street, 6023 Larnaca, Chypre Propri\u00e9t\u00e9 intellectuelleLe contenu du site (textes, images, logo, [&hellip;]<\/p>","protected":false},"author":1,"featured_media":0,"parent":0,"menu_order":0,"comment_status":"closed","ping_status":"closed","template":"","meta":{"_et_pb_use_builder":"on","_et_pb_old_content":"<!-- wp:divi\/placeholder \/-->","_et_gb_content_width":"","footnotes":""},"class_list":["post-84","page","type-page","status-publish","hentry"],"_links":{"self":[{"href":"https:\/\/wingy-dakhla.com\/en\/wp-json\/wp\/v2\/pages\/84","targetHints":{"allow":["GET"]}}],"collection":[{"href":"https:\/\/wingy-dakhla.com\/en\/wp-json\/wp\/v2\/pages"}],"about":[{"href":"https:\/\/wingy-dakhla.com\/en\/wp-json\/wp\/v2\/types\/page"}],"author":[{"embeddable":true,"href":"https:\/\/wingy-dakhla.com\/en\/wp-json\/wp\/v2\/users\/1"}],"replies":[{"embeddable":true,"href":"https:\/\/wingy-dakhla.com\/en\/wp-json\/wp\/v2\/comments?post=84"}],"version-history":[{"count":4,"href":"https:\/\/wingy-dakhla.com\/en\/wp-json\/wp\/v2\/pages\/84\/revisions"}],"predecessor-version":[{"id":289,"href":"https:\/\/wingy-dakhla.com\/en\/wp-json\/wp\/v2\/pages\/84\/revisions\/289"}],"wp:attachment":[{"href":"https:\/\/wingy-dakhla.com\/en\/wp-json\/wp\/v2\/media?parent=84"}],"curies":[{"name":"wp","href":"https:\/\/api.w.org\/{rel}","templated":true}]}}